{"id":4014,"date":"2023-10-29T01:14:33","date_gmt":"2023-10-29T05:14:33","guid":{"rendered":"https:\/\/redeemer-astoria.org\/?page_id=4014"},"modified":"2025-10-09T12:31:37","modified_gmt":"2025-10-09T16:31:37","slug":"our-ministry","status":"publish","type":"page","link":"https:\/\/redeemer-astoria.org\/es\/our-ministry\/","title":{"rendered":"Nuestros Ministros"},"content":{"rendered":"<div data-elementor-type=\"wp-page\" data-elementor-id=\"4014\" class=\"elementor elementor-4014\" data-elementor-post-type=\"page\">\n\t\t\t\t<div class=\"elementor-element elementor-element-b0c9a02 e-flex e-con-boxed e-con e-parent\" data-id=\"b0c9a02\" data-element_type=\"container\" data-e-type=\"container\">\n\t\t\t\t\t<div class=\"e-con-inner\">\n\t\t\t\t<div class=\"elementor-element elementor-element-084dfac elementor-widget elementor-widget-spacer\" data-id=\"084dfac\" data-element_type=\"widget\" data-e-type=\"widget\" data-widget_type=\"spacer.default\">\n\t\t\t\t<div class=\"elementor-widget-container\">\n\t\t\t\t\t\t\t<div class=\"elementor-spacer\">\n\t\t\t<div class=\"elementor-spacer-inner\"><\/div>\n\t\t<\/div>\n\t\t\t\t\t\t<\/div>\n\t\t\t\t<\/div>\n\t\t\t\t\t<\/div>\n\t\t\t\t<\/div>\n\t\t<div class=\"elementor-element elementor-element-c9a533f e-flex e-con-boxed e-con e-parent\" data-id=\"c9a533f\" data-element_type=\"container\" data-e-type=\"container\">\n\t\t\t\t\t<div class=\"e-con-inner\">\n\t\t\t\t<div class=\"elementor-element elementor-element-e6723fd elementor-widget elementor-widget-heading\" data-id=\"e6723fd\" data-element_type=\"widget\" data-e-type=\"widget\" data-widget_type=\"heading.default\">\n\t\t\t\t<div class=\"elementor-widget-container\">\n\t\t\t\t\t<h2 class=\"elementor-heading-title elementor-size-default\">Nuestros Ministros<\/h2>\t\t\t\t<\/div>\n\t\t\t\t<\/div>\n\t\t\t\t\t<\/div>\n\t\t\t\t<\/div>\n\t\t<div class=\"elementor-element elementor-element-ca5101d e-flex e-con-boxed e-con e-parent\" data-id=\"ca5101d\" data-element_type=\"container\" data-e-type=\"container\">\n\t\t\t\t\t<div class=\"e-con-inner\">\n\t\t<div class=\"elementor-element elementor-element-91a4000 e-flex e-con-boxed e-con e-child\" data-id=\"91a4000\" data-element_type=\"container\" data-e-type=\"container\">\n\t\t\t\t\t<div class=\"e-con-inner\">\n\t\t\t\t<div class=\"elementor-element elementor-element-8b1995e elementor-widget elementor-widget-image\" data-id=\"8b1995e\" data-element_type=\"widget\" data-e-type=\"widget\" data-widget_type=\"image.default\">\n\t\t\t\t<div class=\"elementor-widget-container\">\n\t\t\t\t\t\t\t\t\t\t\t\t\t\t\t<img decoding=\"async\" width=\"150\" height=\"150\" src=\"https:\/\/redeemer-astoria.org\/wp-content\/uploads\/2025\/10\/Carlos-150x150.jpeg\" class=\"attachment-thumbnail size-thumbnail wp-image-6036\" alt=\"\" srcset=\"https:\/\/redeemer-astoria.org\/wp-content\/uploads\/2025\/10\/Carlos-150x150.jpeg 150w, https:\/\/redeemer-astoria.org\/wp-content\/uploads\/2025\/10\/Carlos-12x12.jpeg 12w, https:\/\/redeemer-astoria.org\/wp-content\/uploads\/2025\/10\/Carlos.jpeg 240w\" sizes=\"(max-width: 150px) 100vw, 150px\" \/>\t\t\t\t\t\t\t\t\t\t\t\t\t\t\t<\/div>\n\t\t\t\t<\/div>\n\t\t\t\t<div class=\"elementor-element elementor-element-be468ad elementor-widget elementor-widget-heading\" data-id=\"be468ad\" data-element_type=\"widget\" data-e-type=\"widget\" data-widget_type=\"heading.default\">\n\t\t\t\t<div class=\"elementor-widget-container\">\n\t\t\t\t\t<h5 class=\"elementor-heading-title elementor-size-default\">Reverendo Carlos Rend\u00f3n <\/h5>\t\t\t\t<\/div>\n\t\t\t\t<\/div>\n\t\t\t\t<div class=\"elementor-element elementor-element-3e6ea2a elementor-widget elementor-widget-text-editor\" data-id=\"3e6ea2a\" data-element_type=\"widget\" data-e-type=\"widget\" data-widget_type=\"text-editor.default\">\n\t\t\t\t<div class=\"elementor-widget-container\">\n\t\t\t\t\t\t\t\t\t<p>Sacerdote a cargo de la Iglesia del Redentor<\/p>\t\t\t\t\t\t\t\t<\/div>\n\t\t\t\t<\/div>\n\t\t\t\t<div class=\"elementor-element elementor-element-cf390ba elementor-widget elementor-widget-text-editor\" data-id=\"cf390ba\" data-element_type=\"widget\" data-e-type=\"widget\" data-widget_type=\"text-editor.default\">\n\t\t\t\t<div class=\"elementor-widget-container\">\n\t\t\t\t\t\t\t\t\t<p><em>11vo. Rector de la Iglesia del Redentor<\/em><\/p>\t\t\t\t\t\t\t\t<\/div>\n\t\t\t\t<\/div>\n\t\t\t\t<div class=\"elementor-element elementor-element-121dfc4 elementor-widget elementor-widget-text-editor\" data-id=\"121dfc4\" data-element_type=\"widget\" data-e-type=\"widget\" data-widget_type=\"text-editor.default\">\n\t\t\t\t<div class=\"elementor-widget-container\">\n\t\t\t\t\t\t\t\t\t<p>Nacido en Cali, Colombia, fue ordenado di\u00e1cono el<br \/>14 de mayo de 2022 en la Di\u00f3cesis Episcopal de Colombia y sacerdote el 16 de septiembre de 2023 por el obispo Provenzano. Se desempe\u00f1\u00f3 como asistente parroquial en la Iglesia de La Santa Cruz en Brooklyn, Nueva York desde Octubre de 2022 hasta Septiembre de 2025.<\/p>\t\t\t\t\t\t\t\t<\/div>\n\t\t\t\t<\/div>\n\t\t\t\t\t<\/div>\n\t\t\t\t<\/div>\n\t\t<div class=\"elementor-element elementor-element-dbd4482 e-con-full e-flex e-con e-child\" data-id=\"dbd4482\" data-element_type=\"container\" data-e-type=\"container\">\n\t\t\t\t<div class=\"elementor-element elementor-element-dee2e02 elementor-widget elementor-widget-image\" data-id=\"dee2e02\" data-element_type=\"widget\" data-e-type=\"widget\" data-widget_type=\"image.default\">\n\t\t\t\t<div class=\"elementor-widget-container\">\n\t\t\t\t\t\t\t\t\t\t\t\t\t\t\t<img decoding=\"async\" width=\"150\" height=\"150\" src=\"https:\/\/redeemer-astoria.org\/wp-content\/uploads\/2024\/03\/Roger-Kraus-150x150.jpg\" class=\"attachment-thumbnail size-thumbnail wp-image-5238\" alt=\"\" srcset=\"https:\/\/redeemer-astoria.org\/wp-content\/uploads\/2024\/03\/Roger-Kraus-150x150.jpg 150w, https:\/\/redeemer-astoria.org\/wp-content\/uploads\/2024\/03\/Roger-Kraus-300x300.jpg 300w, https:\/\/redeemer-astoria.org\/wp-content\/uploads\/2024\/03\/Roger-Kraus-1024x1024.jpg 1024w, https:\/\/redeemer-astoria.org\/wp-content\/uploads\/2024\/03\/Roger-Kraus-768x768.jpg 768w, https:\/\/redeemer-astoria.org\/wp-content\/uploads\/2024\/03\/Roger-Kraus-1536x1536.jpg 1536w, https:\/\/redeemer-astoria.org\/wp-content\/uploads\/2024\/03\/Roger-Kraus-12x12.jpg 12w, https:\/\/redeemer-astoria.org\/wp-content\/uploads\/2024\/03\/Roger-Kraus-e1726078872637.jpg 1425w\" sizes=\"(max-width: 150px) 100vw, 150px\" \/>\t\t\t\t\t\t\t\t\t\t\t\t\t\t\t<\/div>\n\t\t\t\t<\/div>\n\t\t\t\t<div class=\"elementor-element elementor-element-ae4c120 elementor-widget elementor-widget-heading\" data-id=\"ae4c120\" data-element_type=\"widget\" data-e-type=\"widget\" data-widget_type=\"heading.default\">\n\t\t\t\t<div class=\"elementor-widget-container\">\n\t\t\t\t\t<h5 class=\"elementor-heading-title elementor-size-default\">Roger Kraus<\/h5>\t\t\t\t<\/div>\n\t\t\t\t<\/div>\n\t\t\t\t<div class=\"elementor-element elementor-element-98a52a5 elementor-widget elementor-widget-text-editor\" data-id=\"98a52a5\" data-element_type=\"widget\" data-e-type=\"widget\" data-widget_type=\"text-editor.default\">\n\t\t\t\t<div class=\"elementor-widget-container\">\n\t\t\t\t\t\t\t\t\t<p>Capillero<\/p>\t\t\t\t\t\t\t\t<\/div>\n\t\t\t\t<\/div>\n\t\t\t\t<div class=\"elementor-element elementor-element-f9436ef elementor-widget elementor-widget-text-editor\" data-id=\"f9436ef\" data-element_type=\"widget\" data-e-type=\"widget\" data-widget_type=\"text-editor.default\">\n\t\t\t\t<div class=\"elementor-widget-container\">\n\t\t\t\t\t\t\t\t\t<p>Tesorero y Presidente del Comit\u00e9 de Finanzas<\/p>\t\t\t\t\t\t\t\t<\/div>\n\t\t\t\t<\/div>\n\t\t\t\t<div class=\"elementor-element elementor-element-8ad29cb elementor-widget elementor-widget-text-editor\" data-id=\"8ad29cb\" data-element_type=\"widget\" data-e-type=\"widget\" data-widget_type=\"text-editor.default\">\n\t\t\t\t<div class=\"elementor-widget-container\">\n\t\t\t\t\t\t\t\t\t<p>Roger naci\u00f3 y dreci\u00f3 en Nueva York, trabando en la banca por los \u00faltimos 10 a\u00f1os. El est\u00e1 comprometido con el manejo de la parroquia.<\/p>\t\t\t\t\t\t\t\t<\/div>\n\t\t\t\t<\/div>\n\t\t\t\t<\/div>\n\t\t<div class=\"elementor-element elementor-element-fe2c4b6 e-con-full e-flex e-con e-child\" data-id=\"fe2c4b6\" data-element_type=\"container\" data-e-type=\"container\">\n\t\t\t\t<div class=\"elementor-element elementor-element-0eb16c5 elementor-widget elementor-widget-image\" data-id=\"0eb16c5\" data-element_type=\"widget\" data-e-type=\"widget\" data-widget_type=\"image.default\">\n\t\t\t\t<div class=\"elementor-widget-container\">\n\t\t\t\t\t\t\t\t\t\t\t\t\t\t\t<img decoding=\"async\" width=\"150\" height=\"150\" src=\"https:\/\/redeemer-astoria.org\/wp-content\/uploads\/2024\/09\/DSC_5408-150x150.jpg\" class=\"attachment-thumbnail size-thumbnail wp-image-5464\" alt=\"\" srcset=\"https:\/\/redeemer-astoria.org\/wp-content\/uploads\/2024\/09\/DSC_5408-150x150.jpg 150w, https:\/\/redeemer-astoria.org\/wp-content\/uploads\/2024\/09\/DSC_5408-300x300.jpg 300w, https:\/\/redeemer-astoria.org\/wp-content\/uploads\/2024\/09\/DSC_5408-12x12.jpg 12w, https:\/\/redeemer-astoria.org\/wp-content\/uploads\/2024\/09\/DSC_5408.jpg 600w\" sizes=\"(max-width: 150px) 100vw, 150px\" \/>\t\t\t\t\t\t\t\t\t\t\t\t\t\t\t<\/div>\n\t\t\t\t<\/div>\n\t\t\t\t<div class=\"elementor-element elementor-element-d2a7c45 elementor-widget elementor-widget-heading\" data-id=\"d2a7c45\" data-element_type=\"widget\" data-e-type=\"widget\" data-widget_type=\"heading.default\">\n\t\t\t\t<div class=\"elementor-widget-container\">\n\t\t\t\t\t<h5 class=\"elementor-heading-title elementor-size-default\">Susana Castillo Silva<\/h5>\t\t\t\t<\/div>\n\t\t\t\t<\/div>\n\t\t\t\t<div class=\"elementor-element elementor-element-85d610a elementor-widget elementor-widget-text-editor\" data-id=\"85d610a\" data-element_type=\"widget\" data-e-type=\"widget\" data-widget_type=\"text-editor.default\">\n\t\t\t\t<div class=\"elementor-widget-container\">\n\t\t\t\t\t\t\t\t\t<p>Capillero<\/p>\t\t\t\t\t\t\t\t<\/div>\n\t\t\t\t<\/div>\n\t\t\t\t<\/div>\n\t\t\t\t\t<\/div>\n\t\t\t\t<\/div>\n\t\t\t\t<\/div>","protected":false},"excerpt":{"rendered":"<p>Our ministry The Rev. Carlos Rendon Priest-in-Charge 11th Rector of the Church of the Redeemer Born in Cali, Colombia, was ordained a deacon onMay 14, 2022 in the Episcopal Diocese of Colombia and as a priest on Sep 16, 2023 by Bishop Provenzano, has served as Assistant Priest at Iglesia de La Santa Cruz in [&hellip;]<\/p>\n","protected":false},"author":1,"featured_media":0,"parent":0,"menu_order":0,"comment_status":"closed","ping_status":"closed","template":"","meta":{"footnotes":""},"class_list":["post-4014","page","type-page","status-publish","hentry"],"_links":{"self":[{"href":"https:\/\/redeemer-astoria.org\/es\/wp-json\/wp\/v2\/pages\/4014","targetHints":{"allow":["GET"]}}],"collection":[{"href":"https:\/\/redeemer-astoria.org\/es\/wp-json\/wp\/v2\/pages"}],"about":[{"href":"https:\/\/redeemer-astoria.org\/es\/wp-json\/wp\/v2\/types\/page"}],"author":[{"embeddable":true,"href":"https:\/\/redeemer-astoria.org\/es\/wp-json\/wp\/v2\/users\/1"}],"replies":[{"embeddable":true,"href":"https:\/\/redeemer-astoria.org\/es\/wp-json\/wp\/v2\/comments?post=4014"}],"version-history":[{"count":6,"href":"https:\/\/redeemer-astoria.org\/es\/wp-json\/wp\/v2\/pages\/4014\/revisions"}],"predecessor-version":[{"id":6042,"href":"https:\/\/redeemer-astoria.org\/es\/wp-json\/wp\/v2\/pages\/4014\/revisions\/6042"}],"wp:attachment":[{"href":"https:\/\/redeemer-astoria.org\/es\/wp-json\/wp\/v2\/media?parent=4014"}],"curies":[{"name":"wp","href":"https:\/\/api.w.org\/{rel}","templated":true}]}}