{"id":5408,"date":"2025-09-10T11:54:30","date_gmt":"2025-09-10T15:54:30","guid":{"rendered":"https:\/\/redeemer-astoria.org\/?page_id=5408"},"modified":"2026-02-23T17:52:01","modified_gmt":"2026-02-23T22:52:01","slug":"draft","status":"publish","type":"page","link":"https:\/\/redeemer-astoria.org\/es\/about-us\/draft\/","title":{"rendered":"Conoce a nuestro nuevo sacerdote!"},"content":{"rendered":"<div data-elementor-type=\"wp-page\" data-elementor-id=\"5408\" class=\"elementor elementor-5408\" data-elementor-post-type=\"page\">\n\t\t\t\t<div class=\"elementor-element elementor-element-027ce02 e-flex e-con-boxed e-con e-parent\" data-id=\"027ce02\" data-element_type=\"container\" data-e-type=\"container\">\n\t\t\t\t\t<div class=\"e-con-inner\">\n\t\t\t\t<div class=\"elementor-element elementor-element-e8aaeb2 elementor-widget elementor-widget-heading\" data-id=\"e8aaeb2\" data-element_type=\"widget\" data-e-type=\"widget\" data-widget_type=\"heading.default\">\n\t\t\t\t<div class=\"elementor-widget-container\">\n\t\t\t\t\t<h2 class=\"elementor-heading-title elementor-size-default\">Conoce a nuestro nuevo sacerdote!<\/h2>\t\t\t\t<\/div>\n\t\t\t\t<\/div>\n\t\t\t\t\t<\/div>\n\t\t\t\t<\/div>\n\t\t<div class=\"elementor-element elementor-element-2d7dc1f6 e-flex e-con-boxed e-con e-parent\" data-id=\"2d7dc1f6\" data-element_type=\"container\" data-e-type=\"container\">\n\t\t\t\t\t<div class=\"e-con-inner\">\n\t\t\t\t<div class=\"elementor-element elementor-element-7f32d969 elementor-widget elementor-widget-text-editor\" data-id=\"7f32d969\" data-element_type=\"widget\" data-e-type=\"widget\" data-widget_type=\"text-editor.default\">\n\t\t\t\t<div class=\"elementor-widget-container\">\n\t\t\t\t\t\t\t\t\t<h4>Bienvenido a casa Padre Carlos Rend\u00f3n!<\/h4><p><!-- \/wp:gallery --><\/p>\t\t\t\t\t\t\t\t<\/div>\n\t\t\t\t<\/div>\n\t\t\t\t<div class=\"elementor-element elementor-element-121ff7f elementor-widget elementor-widget-heading\" data-id=\"121ff7f\" data-element_type=\"widget\" data-e-type=\"widget\" data-widget_type=\"heading.default\">\n\t\t\t\t<div class=\"elementor-widget-container\">\n\t\t\t\t\t<h4 class=\"elementor-heading-title elementor-size-default\">Acerca del Padre Carlos Rend\u00f3n<br><\/h4>\t\t\t\t<\/div>\n\t\t\t\t<\/div>\n\t\t\t\t\t<\/div>\n\t\t\t\t<\/div>\n\t\t<div class=\"elementor-element elementor-element-e5afe63 e-flex e-con-boxed e-con e-parent\" data-id=\"e5afe63\" data-element_type=\"container\" data-e-type=\"container\">\n\t\t\t\t\t<div class=\"e-con-inner\">\n\t\t<div class=\"elementor-element elementor-element-a0f3a3f e-con-full e-flex e-con e-child\" data-id=\"a0f3a3f\" data-element_type=\"container\" data-e-type=\"container\">\n\t\t\t\t<div class=\"elementor-element elementor-element-6ba3011 elementor-widget elementor-widget-text-editor\" data-id=\"6ba3011\" data-element_type=\"widget\" data-e-type=\"widget\" data-widget_type=\"text-editor.default\">\n\t\t\t\t<div class=\"elementor-widget-container\">\n\t\t\t\t\t\t\t\t\t<p><img fetchpriority=\"high\" decoding=\"async\" class=\"alignleft wp-image-6036 size-full\" src=\"https:\/\/redeemer-astoria.org\/wp-content\/uploads\/2025\/10\/Carlos.jpeg\" alt=\"\" width=\"240\" height=\"240\" srcset=\"https:\/\/redeemer-astoria.org\/wp-content\/uploads\/2025\/10\/Carlos.jpeg 240w, https:\/\/redeemer-astoria.org\/wp-content\/uploads\/2025\/10\/Carlos-150x150.jpeg 150w, https:\/\/redeemer-astoria.org\/wp-content\/uploads\/2025\/10\/Carlos-12x12.jpeg 12w\" sizes=\"(max-width: 240px) 100vw, 240px\" \/>Carlos Holmes Rend\u00f3n Agudelo, nacido en Cali, Colombia, fue ordenado di\u00e1cono el 14 de mayo de 2022 en la Di\u00f3cesis Episcopal de Colombia y sacerdote el 16 de septiembre de 2023 por el obispo Provenzano. Desde octubre de 2022 hasta septiembre 2025, se desempe\u00f1a como asistente parroquial en la Iglesia de La Santa Cruz en Brooklyn, Nueva York. Su primer d\u00eda en la Iglesia del Redentor inicio en Octubre 5, 2025.<\/p><p>Est\u00e1 casado con M\u00f3nica Tatiana Mu\u00f1oz Lozano y son padres de Jos\u00e9 Mar\u00eda Rend\u00f3n\nMu\u00f1oz, de cuatro a\u00f1os, y de sus hijas gemelas Alicia y Milagros, de un a\u00f1o. Es\negresado del Centro de Estudios Teol\u00f3gicos Pablo Vel\u00e1squez Abreu de la Di\u00f3cesis de la Iglesia Episcopal de Colombia, donde obtuvo el Bachillerato Eclesi\u00e1stico en\nTeolog\u00eda.<\/p>\t\t\t\t\t\t\t\t<\/div>\n\t\t\t\t<\/div>\n\t\t\t\t<\/div>\n\t\t<div class=\"elementor-element elementor-element-4eedae1 e-con-full e-flex e-con e-child\" data-id=\"4eedae1\" data-element_type=\"container\" data-e-type=\"container\">\n\t\t\t\t<div class=\"elementor-element elementor-element-760e91e elementor-widget elementor-widget-text-editor\" data-id=\"760e91e\" data-element_type=\"widget\" data-e-type=\"widget\" data-widget_type=\"text-editor.default\">\n\t\t\t\t<div class=\"elementor-widget-container\">\n\t\t\t\t\t\t\t\t\t<p>Para contactar al Padre Carlos Rend\u00f3n:<\/p><p>CarlosRendon@redeemer-astoria.org<\/p>\t\t\t\t\t\t\t\t<\/div>\n\t\t\t\t<\/div>\n\t\t\t\t<\/div>\n\t\t\t\t\t<\/div>\n\t\t\t\t<\/div>\n\t\t<div class=\"elementor-element elementor-element-3deacba e-flex e-con-boxed e-con e-parent\" data-id=\"3deacba\" data-element_type=\"container\" data-e-type=\"container\">\n\t\t\t\t\t<div class=\"e-con-inner\">\n\t\t\t\t<div class=\"elementor-element elementor-element-ef16ed1 elementor-align-left elementor-widget elementor-widget-button\" data-id=\"ef16ed1\" data-element_type=\"widget\" data-e-type=\"widget\" data-widget_type=\"button.default\">\n\t\t\t\t<div class=\"elementor-widget-container\">\n\t\t\t\t\t\t\t\t\t<div class=\"elementor-button-wrapper\">\n\t\t\t\t\t<a class=\"elementor-button elementor-button-link elementor-size-sm\" href=\"https:\/\/redeemer-astoria.org\/wp-content\/uploads\/2025\/10\/Letter-to-The-Redeemer-.pdf\" target=\"_blank\">\n\t\t\t\t\t\t<span class=\"elementor-button-content-wrapper\">\n\t\t\t\t\t\t\t\t\t<span class=\"elementor-button-text\">Carta para la Iglesia del Redentor<\/span>\n\t\t\t\t\t<\/span>\n\t\t\t\t\t<\/a>\n\t\t\t\t<\/div>\n\t\t\t\t\t\t\t\t<\/div>\n\t\t\t\t<\/div>\n\t\t\t\t\t<\/div>\n\t\t\t\t<\/div>\n\t\t\t\t<\/div>","protected":false},"excerpt":{"rendered":"<p>Get to know our new Priest Welcome home Father Carlos Rendon! About Father Carlos Rendon Carlos Holmes Rend\u00f3n Agudelo, Born in Cali, Colombia, was ordained a deacon on May 14, 2022 in the Episcopal Diocese of Colombia and as a priest on Sep 16, 2023 by Bishop Provenzano, has served as Assistant Priest at Iglesia [&hellip;]<\/p>\n","protected":false},"author":1,"featured_media":0,"parent":3837,"menu_order":0,"comment_status":"closed","ping_status":"closed","template":"","meta":{"footnotes":""},"class_list":["post-5408","page","type-page","status-publish","hentry"],"_links":{"self":[{"href":"https:\/\/redeemer-astoria.org\/es\/wp-json\/wp\/v2\/pages\/5408","targetHints":{"allow":["GET"]}}],"collection":[{"href":"https:\/\/redeemer-astoria.org\/es\/wp-json\/wp\/v2\/pages"}],"about":[{"href":"https:\/\/redeemer-astoria.org\/es\/wp-json\/wp\/v2\/types\/page"}],"author":[{"embeddable":true,"href":"https:\/\/redeemer-astoria.org\/es\/wp-json\/wp\/v2\/users\/1"}],"replies":[{"embeddable":true,"href":"https:\/\/redeemer-astoria.org\/es\/wp-json\/wp\/v2\/comments?post=5408"}],"version-history":[{"count":24,"href":"https:\/\/redeemer-astoria.org\/es\/wp-json\/wp\/v2\/pages\/5408\/revisions"}],"predecessor-version":[{"id":6114,"href":"https:\/\/redeemer-astoria.org\/es\/wp-json\/wp\/v2\/pages\/5408\/revisions\/6114"}],"up":[{"embeddable":true,"href":"https:\/\/redeemer-astoria.org\/es\/wp-json\/wp\/v2\/pages\/3837"}],"wp:attachment":[{"href":"https:\/\/redeemer-astoria.org\/es\/wp-json\/wp\/v2\/media?parent=5408"}],"curies":[{"name":"wp","href":"https:\/\/api.w.org\/{rel}","templated":true}]}}