{"id":6129,"date":"2026-02-23T19:52:39","date_gmt":"2026-02-24T00:52:39","guid":{"rendered":"https:\/\/redeemer-astoria.org\/?page_id=6129"},"modified":"2026-02-25T22:13:31","modified_gmt":"2026-02-26T03:13:31","slug":"new-president-bishop","status":"publish","type":"page","link":"https:\/\/redeemer-astoria.org\/es\/new-president-bishop\/","title":{"rendered":"Nuevo Presidente Obispo"},"content":{"rendered":"<div data-elementor-type=\"wp-page\" data-elementor-id=\"6129\" class=\"elementor elementor-6129\" data-elementor-post-type=\"page\">\n\t\t\t\t<div class=\"elementor-element elementor-element-0c7df54 e-flex e-con-boxed e-con e-parent\" data-id=\"0c7df54\" data-element_type=\"container\" data-e-type=\"container\">\n\t\t\t\t\t<div class=\"e-con-inner\">\n\t\t\t\t<div class=\"elementor-element elementor-element-3ba23e6 elementor-widget elementor-widget-spacer\" data-id=\"3ba23e6\" data-element_type=\"widget\" data-e-type=\"widget\" data-widget_type=\"spacer.default\">\n\t\t\t\t<div class=\"elementor-widget-container\">\n\t\t\t\t\t\t\t<div class=\"elementor-spacer\">\n\t\t\t<div class=\"elementor-spacer-inner\"><\/div>\n\t\t<\/div>\n\t\t\t\t\t\t<\/div>\n\t\t\t\t<\/div>\n\t\t\t\t\t<\/div>\n\t\t\t\t<\/div>\n\t\t<div class=\"elementor-element elementor-element-3f3e6e5 e-flex e-con-boxed e-con e-parent\" data-id=\"3f3e6e5\" data-element_type=\"container\" data-e-type=\"container\">\n\t\t\t\t\t<div class=\"e-con-inner\">\n\t\t\t\t<div class=\"elementor-element elementor-element-ebb5208 elementor-widget elementor-widget-heading\" data-id=\"ebb5208\" data-element_type=\"widget\" data-e-type=\"widget\" data-widget_type=\"heading.default\">\n\t\t\t\t<div class=\"elementor-widget-container\">\n\t\t\t\t\t<h2 class=\"elementor-heading-title elementor-size-default\">Nuevo Presidente Obispo<\/h2>\t\t\t\t<\/div>\n\t\t\t\t<\/div>\n\t\t\t\t\t<\/div>\n\t\t\t\t<\/div>\n\t\t<div class=\"elementor-element elementor-element-5800a78 e-flex e-con-boxed e-con e-parent\" data-id=\"5800a78\" data-element_type=\"container\" data-e-type=\"container\">\n\t\t\t\t\t<div class=\"e-con-inner\">\n\t\t<div class=\"elementor-element elementor-element-c482b83 e-con-full e-flex e-con e-child\" data-id=\"c482b83\" data-element_type=\"container\" data-e-type=\"container\">\n\t\t\t\t<div class=\"elementor-element elementor-element-47c5b5b elementor-widget elementor-widget-text-editor\" data-id=\"47c5b5b\" data-element_type=\"widget\" data-e-type=\"widget\" data-widget_type=\"text-editor.default\">\n\t\t\t\t<div class=\"elementor-widget-container\">\n\t\t\t\t\t\t\t\t\t<p><a href=\"https:\/\/redeemer-astoria.org\/wp-content\/uploads\/2026\/02\/Sean-Rowe-headshot-Libby-March-square.jpeg\"><img fetchpriority=\"high\" decoding=\"async\" class=\"size-medium wp-image-6202 alignleft\" src=\"https:\/\/redeemer-astoria.org\/wp-content\/uploads\/2026\/02\/Sean-Rowe-headshot-Libby-March-square-300x300.jpeg\" alt=\"Sean-Rowe-headshot-Libby-March-square\" width=\"300\" height=\"300\" srcset=\"https:\/\/redeemer-astoria.org\/wp-content\/uploads\/2026\/02\/Sean-Rowe-headshot-Libby-March-square-300x300.jpeg 300w, https:\/\/redeemer-astoria.org\/wp-content\/uploads\/2026\/02\/Sean-Rowe-headshot-Libby-March-square-1024x1024.jpeg 1024w, https:\/\/redeemer-astoria.org\/wp-content\/uploads\/2026\/02\/Sean-Rowe-headshot-Libby-March-square-150x150.jpeg 150w, https:\/\/redeemer-astoria.org\/wp-content\/uploads\/2026\/02\/Sean-Rowe-headshot-Libby-March-square-768x768.jpeg 768w, https:\/\/redeemer-astoria.org\/wp-content\/uploads\/2026\/02\/Sean-Rowe-headshot-Libby-March-square-12x12.jpeg 12w, https:\/\/redeemer-astoria.org\/wp-content\/uploads\/2026\/02\/Sean-Rowe-headshot-Libby-March-square.jpeg 1200w\" sizes=\"(max-width: 300px) 100vw, 300px\" \/><\/a>El Rvdo. Sean W. Rowe fue elegido obispo presidente y primado de la Iglesia Episcopal en junio de 2024 y asumi\u00f3 el cargo el 1 de noviembre por un per\u00edodo de nueve a\u00f1os. En esta funci\u00f3n, sirve como principal pastor y director ejecutivo de la Iglesia. Conocido por su experiencia en aprendizaje organizacional y cambio adaptativo, Rowe est\u00e1 comprometido con fortalecer el apoyo al ministerio y la misi\u00f3n a nivel local.<\/p><p>Fue ordenado obispo de la Di\u00f3cesis Episcopal del Noroeste de Pensilvania en 2007, despu\u00e9s de servir durante siete a\u00f1os como rector de St. John\u2019s en Franklin, Pensilvania. De 2014 a 2018, se desempe\u00f1\u00f3 como obispo provisional de la Di\u00f3cesis Episcopal de Bethlehem, y de 2019 a 2024 lider\u00f3 una asociaci\u00f3n entre las Di\u00f3cesis Episcopales del Noroeste de Pensilvania y del Oeste de Nueva York.<\/p><p>Rowe obtuvo una licenciatura en Historia en Grove City College, una Maestr\u00eda en Divinidad en el Seminario Teol\u00f3gico de Virginia y un doctorado en aprendizaje organizacional y liderazgo en Gannon University. Ha servido como l\u00edder en numerosas organizaciones c\u00edvicas y eclesiales, as\u00ed como en diversos organismos de gobierno de la Iglesia, y como parlamentario de la C\u00e1mara de Obispos.<\/p>\t\t\t\t\t\t\t\t<\/div>\n\t\t\t\t<\/div>\n\t\t\t\t<\/div>\n\t\t<div class=\"elementor-element elementor-element-ab1dc25 e-con-full e-flex e-con e-child\" data-id=\"ab1dc25\" data-element_type=\"container\" data-e-type=\"container\">\n\t\t\t\t<\/div>\n\t\t\t\t\t<\/div>\n\t\t\t\t<\/div>\n\t\t<div class=\"elementor-element elementor-element-60cd85a e-flex e-con-boxed e-con e-parent\" data-id=\"60cd85a\" data-element_type=\"container\" data-e-type=\"container\">\n\t\t\t\t\t<div class=\"e-con-inner\">\n\t\t\t\t<div class=\"elementor-element elementor-element-d43c7ef elementor-widget elementor-widget-spacer\" data-id=\"d43c7ef\" data-element_type=\"widget\" data-e-type=\"widget\" data-widget_type=\"spacer.default\">\n\t\t\t\t<div class=\"elementor-widget-container\">\n\t\t\t\t\t\t\t<div class=\"elementor-spacer\">\n\t\t\t<div class=\"elementor-spacer-inner\"><\/div>\n\t\t<\/div>\n\t\t\t\t\t\t<\/div>\n\t\t\t\t<\/div>\n\t\t\t\t\t<\/div>\n\t\t\t\t<\/div>\n\t\t\t\t<\/div>","protected":false},"excerpt":{"rendered":"<p>New President Bishop Rev. Sean W. Rowe was elected presiding bishop and primate of The Episcopal Church in June 2024 and took office on Nov. 1 for a nine-year term. In this role, he serves as the church\u2019s chief pastor and CEO. Known for his expertise in organizational learning and adaptive change, Rowe is committed [&hellip;]<\/p>\n","protected":false},"author":7,"featured_media":0,"parent":0,"menu_order":0,"comment_status":"closed","ping_status":"closed","template":"","meta":{"footnotes":""},"class_list":["post-6129","page","type-page","status-publish","hentry"],"_links":{"self":[{"href":"https:\/\/redeemer-astoria.org\/es\/wp-json\/wp\/v2\/pages\/6129","targetHints":{"allow":["GET"]}}],"collection":[{"href":"https:\/\/redeemer-astoria.org\/es\/wp-json\/wp\/v2\/pages"}],"about":[{"href":"https:\/\/redeemer-astoria.org\/es\/wp-json\/wp\/v2\/types\/page"}],"author":[{"embeddable":true,"href":"https:\/\/redeemer-astoria.org\/es\/wp-json\/wp\/v2\/users\/7"}],"replies":[{"embeddable":true,"href":"https:\/\/redeemer-astoria.org\/es\/wp-json\/wp\/v2\/comments?post=6129"}],"version-history":[{"count":16,"href":"https:\/\/redeemer-astoria.org\/es\/wp-json\/wp\/v2\/pages\/6129\/revisions"}],"predecessor-version":[{"id":6218,"href":"https:\/\/redeemer-astoria.org\/es\/wp-json\/wp\/v2\/pages\/6129\/revisions\/6218"}],"wp:attachment":[{"href":"https:\/\/redeemer-astoria.org\/es\/wp-json\/wp\/v2\/media?parent=6129"}],"curies":[{"name":"wp","href":"https:\/\/api.w.org\/{rel}","templated":true}]}}