{"id":6517,"date":"2026-03-26T21:00:51","date_gmt":"2026-03-27T01:00:51","guid":{"rendered":"https:\/\/redeemer-astoria.org\/?page_id=6517"},"modified":"2026-03-26T22:55:09","modified_gmt":"2026-03-27T02:55:09","slug":"ministries","status":"publish","type":"page","link":"https:\/\/redeemer-astoria.org\/es\/ministries\/","title":{"rendered":"Ministerios"},"content":{"rendered":"<div data-elementor-type=\"wp-page\" data-elementor-id=\"6517\" class=\"elementor elementor-6517\" data-elementor-post-type=\"page\">\n\t\t\t\t<div class=\"elementor-element elementor-element-9df2b97 e-flex e-con-boxed e-con e-parent\" data-id=\"9df2b97\" data-element_type=\"container\" data-e-type=\"container\">\n\t\t\t\t\t<div class=\"e-con-inner\">\n\t\t\t\t<div class=\"elementor-element elementor-element-5397915 elementor-widget elementor-widget-heading\" data-id=\"5397915\" data-element_type=\"widget\" data-e-type=\"widget\" data-widget_type=\"heading.default\">\n\t\t\t\t<div class=\"elementor-widget-container\">\n\t\t\t\t\t<h2 class=\"elementor-heading-title elementor-size-default\">Ministerios<\/h2>\t\t\t\t<\/div>\n\t\t\t\t<\/div>\n\t\t\t\t\t<\/div>\n\t\t\t\t<\/div>\n\t\t<div class=\"elementor-element elementor-element-6d7e797 e-flex e-con-boxed e-con e-parent\" data-id=\"6d7e797\" data-element_type=\"container\" data-e-type=\"container\" data-settings=\"{&quot;background_background&quot;:&quot;classic&quot;}\">\n\t\t\t\t\t<div class=\"e-con-inner\">\n\t\t\t\t<div class=\"elementor-element elementor-element-db913b8 e-n-tabs-mobile elementor-widget elementor-widget-n-tabs\" data-id=\"db913b8\" data-element_type=\"widget\" data-e-type=\"widget\" data-settings=\"{&quot;horizontal_scroll&quot;:&quot;disable&quot;}\" data-widget_type=\"nested-tabs.default\">\n\t\t\t\t<div class=\"elementor-widget-container\">\n\t\t\t\t\t\t\t<div class=\"e-n-tabs\" data-widget-number=\"230233016\" aria-label=\"Pesta\u00f1as. Abre elementos con Intro o Espacio, ci\u00e9rralos con Escape y navega con las fechas.\" data-no-translation-aria-label=\"\">\n\t\t\t<div class=\"e-n-tabs-heading\" role=\"tablist\">\n\t\t\t\t\t<button id=\"e-n-tab-title-2302330161\" data-tab-title-id=\"e-n-tab-title-2302330161\" class=\"e-n-tab-title\" aria-selected=\"true\" data-tab-index=\"1\" role=\"tab\" tabindex=\"0\" aria-controls=\"e-n-tab-content-2302330161\" style=\"--n-tabs-title-order: 1;\">\n\t\t\t\t\t\t<span class=\"e-n-tab-title-text\">\n\t\t\t\tEstudio B\u00edblico\t\t\t<\/span>\n\t\t<\/button>\n\t\t\t\t<button id=\"e-n-tab-title-2302330162\" data-tab-title-id=\"e-n-tab-title-2302330162\" class=\"e-n-tab-title\" aria-selected=\"false\" data-tab-index=\"2\" role=\"tab\" tabindex=\"-1\" aria-controls=\"e-n-tab-content-2302330162\" style=\"--n-tabs-title-order: 2;\">\n\t\t\t\t\t\t<span class=\"e-n-tab-title-text\">\n\t\t\t\tCena Comunitaria\t\t\t<\/span>\n\t\t<\/button>\n\t\t\t\t<button id=\"e-n-tab-title-2302330163\" data-tab-title-id=\"e-n-tab-title-2302330163\" class=\"e-n-tab-title\" aria-selected=\"false\" data-tab-index=\"3\" role=\"tab\" tabindex=\"-1\" aria-controls=\"e-n-tab-content-2302330163\" style=\"--n-tabs-title-order: 3;\">\n\t\t\t\t\t\t<span class=\"e-n-tab-title-text\">\n\t\t\t\tGodly Play\t\t\t<\/span>\n\t\t<\/button>\n\t\t\t\t\t<\/div>\n\t\t\t<div class=\"e-n-tabs-content\">\n\t\t\t\t<div id=\"e-n-tab-content-2302330161\" role=\"tabpanel\" aria-labelledby=\"e-n-tab-title-2302330161\" data-tab-index=\"1\" style=\"--n-tabs-title-order: 1;\" class=\"e-active elementor-element elementor-element-269eab2 e-con-full e-flex e-con e-child\" data-id=\"269eab2\" data-element_type=\"container\" data-e-type=\"container\">\n\t\t<div class=\"elementor-element elementor-element-7e86852 e-con-full e-flex e-con e-child\" data-id=\"7e86852\" data-element_type=\"container\" data-e-type=\"container\">\n\t\t\t\t<div class=\"elementor-element elementor-element-550fe42 elementor-widget elementor-widget-image\" data-id=\"550fe42\" data-element_type=\"widget\" data-e-type=\"widget\" data-widget_type=\"image.default\">\n\t\t\t\t<div class=\"elementor-widget-container\">\n\t\t\t\t\t\t\t\t\t\t\t\t\t\t\t<img fetchpriority=\"high\" decoding=\"async\" width=\"400\" height=\"267\" src=\"https:\/\/redeemer-astoria.org\/wp-content\/uploads\/2023\/11\/photo-praying-over-a-bible-400x267-1.jpeg\" class=\"attachment-full size-full wp-image-4508\" alt=\"photo-praying-over-a-bible-400x267\" srcset=\"https:\/\/redeemer-astoria.org\/wp-content\/uploads\/2023\/11\/photo-praying-over-a-bible-400x267-1.jpeg 400w, https:\/\/redeemer-astoria.org\/wp-content\/uploads\/2023\/11\/photo-praying-over-a-bible-400x267-1-300x200.jpeg 300w\" sizes=\"(max-width: 400px) 100vw, 400px\" \/>\t\t\t\t\t\t\t\t\t\t\t\t\t\t\t<\/div>\n\t\t\t\t<\/div>\n\t\t\t\t<\/div>\n\t\t<div class=\"elementor-element elementor-element-a480099 e-con-full e-flex e-con e-child\" data-id=\"a480099\" data-element_type=\"container\" data-e-type=\"container\">\n\t\t\t\t<div class=\"elementor-element elementor-element-913ae80 elementor-widget elementor-widget-heading\" data-id=\"913ae80\" data-element_type=\"widget\" data-e-type=\"widget\" data-widget_type=\"heading.default\">\n\t\t\t\t<div class=\"elementor-widget-container\">\n\t\t\t\t\t<h2 class=\"elementor-heading-title elementor-size-default\">Estudio B\u00edblico<\/h2>\t\t\t\t<\/div>\n\t\t\t\t<\/div>\n\t\t\t\t<div class=\"elementor-element elementor-element-323fb40 elementor-widget elementor-widget-text-editor\" data-id=\"323fb40\" data-element_type=\"widget\" data-e-type=\"widget\" data-widget_type=\"text-editor.default\">\n\t\t\t\t<div class=\"elementor-widget-container\">\n\t\t\t\t\t\t\t\t\t<p>Nuestro Estudio B\u00edblico es un espacio acogedor para crecer en la fe, profundizar en la\ncomprensi\u00f3n de las Escrituras y compartir en conversaciones significativas. Dirigido por\nel Padre Carlos Tamayo, este encuentro semanal se lleva a cabo todos los mi\u00e9rcoles a\ntrav\u00e9s de Zoom, lo que lo hace accesible para todos.\nJuntos, los participantes reflexionan sobre las lecturas del domingo y otros pasajes de\nla Biblia, explorando c\u00f3mo la Palabra de Dios habla a nuestra vida diaria. Ya sea que\nest\u00e9s comenzando a conocer la Escritura o que la hayas estudiado durante a\u00f1os, todos\nest\u00e1n invitados a participar, hacer preguntas y crecer espiritualmente en una\ncomunidad de apoyo.<\/p>\t\t\t\t\t\t\t\t<\/div>\n\t\t\t\t<\/div>\n\t\t\t\t<\/div>\n\t\t\t\t<\/div>\n\t\t<div id=\"e-n-tab-content-2302330162\" role=\"tabpanel\" aria-labelledby=\"e-n-tab-title-2302330162\" data-tab-index=\"2\" style=\"--n-tabs-title-order: 2;\" class=\"elementor-element elementor-element-e66b543 e-con-full e-flex e-con e-child\" data-id=\"e66b543\" data-element_type=\"container\" data-e-type=\"container\">\n\t\t<div class=\"elementor-element elementor-element-4d1a7c5 e-con-full e-flex e-con e-child\" data-id=\"4d1a7c5\" data-element_type=\"container\" data-e-type=\"container\">\n\t\t\t\t<div class=\"elementor-element elementor-element-e65f636 elementor-widget elementor-widget-image\" data-id=\"e65f636\" data-element_type=\"widget\" data-e-type=\"widget\" data-widget_type=\"image.default\">\n\t\t\t\t<div class=\"elementor-widget-container\">\n\t\t\t\t\t\t\t\t\t\t\t\t\t\t\t<img decoding=\"async\" width=\"400\" height=\"267\" src=\"https:\/\/redeemer-astoria.org\/wp-content\/uploads\/2023\/11\/Community-Dinner-1.png\" class=\"attachment-full size-full wp-image-4509\" alt=\"Community-Dinner\" srcset=\"https:\/\/redeemer-astoria.org\/wp-content\/uploads\/2023\/11\/Community-Dinner-1.png 400w, https:\/\/redeemer-astoria.org\/wp-content\/uploads\/2023\/11\/Community-Dinner-1-300x200.png 300w\" sizes=\"(max-width: 400px) 100vw, 400px\" \/>\t\t\t\t\t\t\t\t\t\t\t\t\t\t\t<\/div>\n\t\t\t\t<\/div>\n\t\t\t\t<\/div>\n\t\t<div class=\"elementor-element elementor-element-5bbb9e3 e-con-full e-flex e-con e-child\" data-id=\"5bbb9e3\" data-element_type=\"container\" data-e-type=\"container\">\n\t\t\t\t<div class=\"elementor-element elementor-element-686a61b elementor-widget elementor-widget-heading\" data-id=\"686a61b\" data-element_type=\"widget\" data-e-type=\"widget\" data-widget_type=\"heading.default\">\n\t\t\t\t<div class=\"elementor-widget-container\">\n\t\t\t\t\t<h2 class=\"elementor-heading-title elementor-size-default\">Cena Comunitaria<\/h2>\t\t\t\t<\/div>\n\t\t\t\t<\/div>\n\t\t\t\t<div class=\"elementor-element elementor-element-7574511 elementor-widget elementor-widget-text-editor\" data-id=\"7574511\" data-element_type=\"widget\" data-e-type=\"widget\" data-widget_type=\"text-editor.default\">\n\t\t\t\t<div class=\"elementor-widget-container\">\n\t\t\t\t\t\t\t\t\t<p>Desde 2019, nuestra Cena Comunitaria de los mi\u00e9rcoles ha sido un pilar fundamental del trabajo de alcance en la Iglesia of the Redeemer. Este ministerio es liderado por dos dedicadas miembros de nuestra parroquia: Yolanda Jim\u00e9nez y Cristina Acevedo.<\/p><p>Cada semana, ellas preparan y sirven con cari\u00f1o comidas calientes, frescas y caseras a toda persona que desee participar. Una comida t\u00edpica incluye carne, arroz o pasta, ensalada, caf\u00e9 y bebidas.<\/p><p>De enero a diciembre de 2025, servimos aproximadamente 1,938 comidas a m\u00e1s de\n800 personas en 34 encuentros.<\/p><p>M\u00e1s que una comida, este ministerio fomenta la comunidad, la dignidad y la conexi\u00f3n, ofreciendo un espacio donde todos son bienvenidos a la mesa.<\/p>\t\t\t\t\t\t\t\t<\/div>\n\t\t\t\t<\/div>\n\t\t\t\t<\/div>\n\t\t\t\t<\/div>\n\t\t<div id=\"e-n-tab-content-2302330163\" role=\"tabpanel\" aria-labelledby=\"e-n-tab-title-2302330163\" data-tab-index=\"3\" style=\"--n-tabs-title-order: 3;\" class=\"elementor-element elementor-element-c7ee280 e-con-full e-flex e-con e-child\" data-id=\"c7ee280\" data-element_type=\"container\" data-e-type=\"container\">\n\t\t<div class=\"elementor-element elementor-element-98ae295 e-con-full e-flex e-con e-child\" data-id=\"98ae295\" data-element_type=\"container\" data-e-type=\"container\">\n\t\t\t\t<div class=\"elementor-element elementor-element-076751e elementor-widget elementor-widget-image\" data-id=\"076751e\" data-element_type=\"widget\" data-e-type=\"widget\" data-widget_type=\"image.default\">\n\t\t\t\t<div class=\"elementor-widget-container\">\n\t\t\t\t\t\t\t\t\t\t\t\t\t\t\t<img decoding=\"async\" width=\"468\" height=\"267\" src=\"https:\/\/redeemer-astoria.org\/wp-content\/uploads\/2026\/03\/Children-and-Jesus-e1774577421714.jpeg\" class=\"attachment-full size-full wp-image-6542\" alt=\"\" \/>\t\t\t\t\t\t\t\t\t\t\t\t\t\t\t<\/div>\n\t\t\t\t<\/div>\n\t\t\t\t<\/div>\n\t\t<div class=\"elementor-element elementor-element-0e0907f e-con-full e-flex e-con e-child\" data-id=\"0e0907f\" data-element_type=\"container\" data-e-type=\"container\">\n\t\t\t\t<div class=\"elementor-element elementor-element-25a6753 elementor-widget elementor-widget-heading\" data-id=\"25a6753\" data-element_type=\"widget\" data-e-type=\"widget\" data-widget_type=\"heading.default\">\n\t\t\t\t<div class=\"elementor-widget-container\">\n\t\t\t\t\t<h2 class=\"elementor-heading-title elementor-size-default\">Godly Play<\/h2>\t\t\t\t<\/div>\n\t\t\t\t<\/div>\n\t\t\t\t<div class=\"elementor-element elementor-element-7586579 elementor-widget elementor-widget-text-editor\" data-id=\"7586579\" data-element_type=\"widget\" data-e-type=\"widget\" data-widget_type=\"text-editor.default\">\n\t\t\t\t<div class=\"elementor-widget-container\">\n\t\t\t\t\t\t\t\t\t<p>Godly Play es un ministerio creativo y din\u00e1mico para ni\u00f1os que nutre la fe a trav\u00e9s de la narraci\u00f3n de historias, el juego y actividades pr\u00e1cticas. Dirigido por Sarah Jonker-Burke y Duane Jonker-Burke\u2014quienes han servido fielmente a esta parroquia por m\u00e1s de 20 a\u00f1os\u2014este programa ayuda a los ni\u00f1os a explorar su relaci\u00f3n con Dios de una manera alegre y significativa.<\/p><p>A trav\u00e9s de historias b\u00edblicas, preguntas reflexivas y manualidades, los ni\u00f1os son invitados a descubrir la riqueza de la fe a su propio ritmo en un ambiente seguro y acogedor. Godly Play se lleva a cabo todos los domingos de 11:00 a.m. a 12:30 p.m.<\/p><p>Este ministerio apoya a los ni\u00f1os en la construcci\u00f3n de una base s\u00f3lida de fe, curiosidad y crecimiento espiritual para toda la vida.<\/p>\t\t\t\t\t\t\t\t<\/div>\n\t\t\t\t<\/div>\n\t\t\t\t<\/div>\n\t\t\t\t<\/div>\n\t\t\t\t\t<\/div>\n\t\t<\/div>\n\t\t\t\t\t\t<\/div>\n\t\t\t\t<\/div>\n\t\t\t\t\t<\/div>\n\t\t\t\t<\/div>\n\t\t\t\t<\/div>","protected":false},"excerpt":{"rendered":"<p>Ministries Bible Study Community Dinner Godly Play Bible Study Our Bible Study is a welcoming space to grow in faith, deepen your understanding of Scripture, and share in meaningful conversation. Led by Fr. Carlos Tamayo, this weekly gathering takes place every Wednesday via Zoom, making it accessible to all. Together, participants reflect on the Sunday [&hellip;]<\/p>\n","protected":false},"author":7,"featured_media":0,"parent":0,"menu_order":0,"comment_status":"closed","ping_status":"closed","template":"","meta":{"footnotes":""},"class_list":["post-6517","page","type-page","status-publish","hentry"],"_links":{"self":[{"href":"https:\/\/redeemer-astoria.org\/es\/wp-json\/wp\/v2\/pages\/6517","targetHints":{"allow":["GET"]}}],"collection":[{"href":"https:\/\/redeemer-astoria.org\/es\/wp-json\/wp\/v2\/pages"}],"about":[{"href":"https:\/\/redeemer-astoria.org\/es\/wp-json\/wp\/v2\/types\/page"}],"author":[{"embeddable":true,"href":"https:\/\/redeemer-astoria.org\/es\/wp-json\/wp\/v2\/users\/7"}],"replies":[{"embeddable":true,"href":"https:\/\/redeemer-astoria.org\/es\/wp-json\/wp\/v2\/comments?post=6517"}],"version-history":[{"count":37,"href":"https:\/\/redeemer-astoria.org\/es\/wp-json\/wp\/v2\/pages\/6517\/revisions"}],"predecessor-version":[{"id":6588,"href":"https:\/\/redeemer-astoria.org\/es\/wp-json\/wp\/v2\/pages\/6517\/revisions\/6588"}],"wp:attachment":[{"href":"https:\/\/redeemer-astoria.org\/es\/wp-json\/wp\/v2\/media?parent=6517"}],"curies":[{"name":"wp","href":"https:\/\/api.w.org\/{rel}","templated":true}]}}